{"id":176,"date":"2018-03-01T09:07:33","date_gmt":"2018-03-01T12:07:33","guid":{"rendered":"https:\/\/premiocalidad.sanjuan.gob.ar\/?page_id=176"},"modified":"2018-03-01T09:07:33","modified_gmt":"2018-03-01T12:07:33","slug":"sobre-el-ppc","status":"publish","type":"page","link":"https:\/\/premiocalidad.sanjuan.gob.ar\/?page_id=176","title":{"rendered":"Sobre el PPC"},"content":{"rendered":"<p><strong>\u00bfQu\u00e9 es el Premio Provincial a la Calidad?<\/strong><\/p>\n<p>Constituye un reconocimiento oficial a organizaciones p\u00fablicas y privadas que contribuyen visiblemente al mejoramiento de la calidad en su gesti\u00f3n para la producci\u00f3n de bienes y servicios. Lo que se premia es haber alcanzado y demostrado un elevado nivel de excelencia en la gesti\u00f3n de la Organizaci\u00f3n.<\/p>\n<p><strong>\u00bfCu\u00e1l es el objetivo del PPC?<\/strong><\/p>\n<p>Promover el desarrollo y difusi\u00f3n de los procesos y sistemas de gesti\u00f3n de calidad destinados al mejoramiento continuo de los productos y servicios que se originan en la esfera de la administraci\u00f3n p\u00fablica y en el sector privado.<\/p>\n<p><strong>Antecedentes<\/strong><\/p>\n<p>Con antecedentes normativos como la Carta Iberoamericana de Calidad en la Gesti\u00f3n P\u00fablica y la Ley Nacional 24.127 que establece el Premio Nacional a la Calidad, fue sancionada en 2.008 la Ley Provincial Ley 7.910 (posteriormente renombrada por el Digesto Jur\u00eddico como Ley N\u00ba 971-F) por la C\u00e1mara de Diputados de la Provincia en el marco de un Convenio de Cooperaci\u00f3n y Asistencia T\u00e9cnica entre la Secretar\u00eda de la Gesti\u00f3n P\u00fablica de la Jefatura de Gabinete de Ministros de la Naci\u00f3n y el Gobierno de la Provincia de San Juan. Dicho acuerdo fue suscripto para la ejecuci\u00f3n conjunta de proyectos de capacitaci\u00f3n, formaci\u00f3n e investigaci\u00f3n, acad\u00e9micos y culturales en \u00e1reas de mutuo inter\u00e9s, as\u00ed como para la formaci\u00f3n y el perfeccionamiento de los agentes p\u00fablicos.\u00a0<\/p>\n<p><strong>\u00bfCu\u00e1les son los beneficios de participar en el PPC?<\/strong><\/p>\n<p>Contribuye a implementar innovaciones en el \u00e1rea\u00a0<\/p>\n<p>Contribuye al ordenamiento interno (funciones y Procesos)\u00a0 \u00a0 \u00a0 \u00a0 \u00a0 \u00a0 \u00a0 \u00a0 \u00a0 \u00a0 \u00a0 \u00a0 \u00a0 \u00a0 \u00a0 \u00a0 \u00a0 \u00a0 \u00a0 \u00a0 \u00a0 \u00a0 \u00a0<\/p>\n<p>Contribuye para registrar y mostrar resultados.\u00a0 \u00a0 \u00a0 \u00a0 \u00a0 \u00a0 \u00a0 \u00a0 \u00a0 \u00a0 \u00a0 \u00a0 \u00a0 \u00a0 \u00a0 \u00a0 \u00a0 \u00a0 \u00a0 \u00a0 \u00a0 \u00a0 \u00a0 \u00a0 \u00a0 \u00a0 \u00a0 \u00a0 \u00a0 \u00a0 \u00a0 \u00a0 \u00a0 \u00a0 \u00a0 \u00a0 \u00a0 \u00a0 \u00a0 \u00a0 \u00a0 \u00a0 \u00a0 \u00a0 \u00a0 \u00a0 \u00a0 \u00a0 \u00a0<\/p>\n<p>Mejora la Planificaci\u00f3n y la trasparencia en la utilizaci\u00f3n de los recursos de la Administraci\u00f3n P\u00fablica\u00a0 \u00a0 \u00a0 \u00a0 \u00a0 \u00a0 \u00a0 \u00a0 \u00a0 \u00a0 \u00a0 \u00a0 \u00a0 \u00a0 \u00a0 \u00a0 \u00a0 \u00a0 \u00a0 \u00a0 \u00a0 \u00a0 \u00a0 \u00a0 \u00a0 \u00a0 \u00a0 \u00a0 \u00a0 \u00a0 \u00a0 \u00a0 \u00a0 \u00a0 \u00a0 \u00a0 \u00a0 \u00a0 \u00a0 \u00a0 \u00a0 \u00a0 \u00a0 \u00a0 \u00a0 \u00a0 \u00a0 \u00a0 \u00a0 \u00a0 \u00a0 \u00a0 \u00a0 \u00a0 \u00a0 \u00a0 \u00a0 \u00a0 \u00a0 \u00a0 \u00a0 \u00a0 \u00a0<\/p>\n<p>Mejora la cultura organizacional y el trabajo en equipo.<\/p>\n<p><strong>\u00bfCuales son los beneficios de implementar un sistema de Gesti\u00f3n de Calidad?<\/strong><\/p>\n<p>Capacitaci\u00f3n gratuita en calidad por un experto.<\/p>\n<p>Un Auto diagn\u00f3stico que permite repensar la organizaci\u00f3n en todas sus partes (desarrollo de personal, procesos, planificaci\u00f3n, satisfacci\u00f3n al usuario, etc.).\u00a0 \u00a0 \u00a0 \u00a0 \u00a0 \u00a0 \u00a0 \u00a0 \u00a0 \u00a0 \u00a0 \u00a0 \u00a0 \u00a0 \u00a0 \u00a0 \u00a0 \u00a0 \u00a0 \u00a0 \u00a0 \u00a0 \u00a0<\/p>\n<p>Un Informe de retroalimentaci\u00f3n sobre la sistema de gesti\u00f3n de calidad que implementa la Organizaci\u00f3n (aciertos y oportunidades de mejora).\u00a0 \u00a0 \u00a0 \u00a0 \u00a0 \u00a0 \u00a0 \u00a0 \u00a0 \u00a0 \u00a0 \u00a0 \u00a0 \u00a0 \u00a0 \u00a0 \u00a0 \u00a0 \u00a0 \u00a0 \u00a0 \u00a0 \u00a0 \u00a0 \u00a0 \u00a0<\/p>\n<p><strong>\u00bfQuienes pueden participar?<\/strong><\/p>\n<p>Organismos y entes, centralizados o descentralizados, dependientes de los tres poderes del Estado y de jurisdicci\u00f3n nacional, provincial o municipal. Que cuenten con m\u00e1s de 12 empleados<\/p>\n<p>Empresas Privadas que desempe\u00f1an su actividad en la Provincia de San Juan<\/p>\n","protected":false},"excerpt":{"rendered":"<p>\u00bfQu\u00e9 es el Premio Provincial a la Calidad? Constituye un reconocimiento oficial a organizaciones p\u00fablicas y privadas que contribuyen visiblemente al mejoramiento de la calidad en su gesti\u00f3n para la producci\u00f3n de bienes y servicios. Lo que se premia es haber alcanzado y demostrado un elevado nivel de excelencia en la gesti\u00f3n de la Organizaci\u00f3n. \u00bfCu\u00e1l es el objetivo del<\/p>\n<p><a class=\"more-link\" href=\"https:\/\/premiocalidad.sanjuan.gob.ar\/?page_id=176\">Leer m\u00e1s<\/a><\/p>\n","protected":false},"author":1,"featured_media":0,"parent":0,"menu_order":0,"comment_status":"closed","ping_status":"closed","template":"","meta":{"footnotes":""},"class_list":["post-176","page","type-page","status-publish","hentry"],"_links":{"self":[{"href":"https:\/\/premiocalidad.sanjuan.gob.ar\/index.php?rest_route=\/wp\/v2\/pages\/176","targetHints":{"allow":["GET"]}}],"collection":[{"href":"https:\/\/premiocalidad.sanjuan.gob.ar\/index.php?rest_route=\/wp\/v2\/pages"}],"about":[{"href":"https:\/\/premiocalidad.sanjuan.gob.ar\/index.php?rest_route=\/wp\/v2\/types\/page"}],"author":[{"embeddable":true,"href":"https:\/\/premiocalidad.sanjuan.gob.ar\/index.php?rest_route=\/wp\/v2\/users\/1"}],"replies":[{"embeddable":true,"href":"https:\/\/premiocalidad.sanjuan.gob.ar\/index.php?rest_route=%2Fwp%2Fv2%2Fcomments&post=176"}],"version-history":[{"count":1,"href":"https:\/\/premiocalidad.sanjuan.gob.ar\/index.php?rest_route=\/wp\/v2\/pages\/176\/revisions"}],"predecessor-version":[{"id":178,"href":"https:\/\/premiocalidad.sanjuan.gob.ar\/index.php?rest_route=\/wp\/v2\/pages\/176\/revisions\/178"}],"wp:attachment":[{"href":"https:\/\/premiocalidad.sanjuan.gob.ar\/index.php?rest_route=%2Fwp%2Fv2%2Fmedia&parent=176"}],"curies":[{"name":"wp","href":"https:\/\/api.w.org\/{rel}","templated":true}]}}