{"id":185,"date":"2018-03-01T09:22:14","date_gmt":"2018-03-01T12:22:14","guid":{"rendered":"https:\/\/premiocalidad.sanjuan.gob.ar\/?page_id=185"},"modified":"2018-03-26T08:58:34","modified_gmt":"2018-03-26T11:58:34","slug":"sistema-de-premios-y-reconocimientos","status":"publish","type":"page","link":"https:\/\/premiocalidad.sanjuan.gob.ar\/?page_id=185","title":{"rendered":"Sistema de Premios y Reconocimientos"},"content":{"rendered":"<p><strong>Sector P\u00fablico<\/strong><\/p>\n<p>Galard\u00f3n: + de 700 puntos<br \/>\n Menci\u00f3n Oro: + de 600 puntos<br \/>\n Menci\u00f3n Plata + de 500 puntos<br \/>\n Menci\u00f3n Bronce + de 400 puntos<br \/>\n Diploma a Satisfacci\u00f3n al\u00a0Usuario<br \/>\n Diploma de Gesti\u00f3n por Procesos<br \/>\n Diploma Desarrollo de Personal<\/p>\n<p>&nbsp;<\/p>\n<p><strong>Sector Privado<\/strong><\/p>\n<p><strong><em>Bienes<\/em><\/strong><\/p>\n<p>Galard\u00f3n: + de 700 puntos<br \/>\n Menci\u00f3n Oro: + de 600 puntos<br \/>\n Menci\u00f3n Plata + de 500 puntos<br \/>\n Menci\u00f3n Bronce + de 400 puntos<br \/>\nDiploma a Satisfacci\u00f3n al\u00a0Usuario<br \/>\nDiploma de Gesti\u00f3n por Procesos<br \/>\nDiploma Desarrollo de Personal<\/p>\n<p>&nbsp;<\/p>\n<p><strong><em>Servicios<\/em><\/strong><\/p>\n<p>Galard\u00f3n: + de 700 puntos<br \/>\n Menci\u00f3n Oro: + de 600 puntos<br \/>\n Menci\u00f3n Plata + de 500 puntos<br \/>\n Menci\u00f3n Bronce + de 400 puntos<br \/>\nDiploma a Satisfacci\u00f3n al\u00a0Usuario<br \/>\nDiploma de Gesti\u00f3n por Procesos<br \/>\nDiploma Desarrollo de Personal<\/p>\n","protected":false},"excerpt":{"rendered":"<p>Sector P\u00fablico Galard\u00f3n: + de 700 puntos Menci\u00f3n Oro: + de 600 puntos Menci\u00f3n Plata + de 500 puntos Menci\u00f3n Bronce + de 400 puntos Diploma a Satisfacci\u00f3n al\u00a0Usuario Diploma de Gesti\u00f3n por Procesos Diploma Desarrollo de Personal &nbsp; Sector Privado Bienes Galard\u00f3n: + de 700 puntos Menci\u00f3n Oro: + de 600 puntos Menci\u00f3n Plata + de 500 puntos Menci\u00f3n<\/p>\n<p><a class=\"more-link\" href=\"https:\/\/premiocalidad.sanjuan.gob.ar\/?page_id=185\">Leer m\u00e1s<\/a><\/p>\n","protected":false},"author":1,"featured_media":0,"parent":0,"menu_order":0,"comment_status":"closed","ping_status":"closed","template":"","meta":{"footnotes":""},"class_list":["post-185","page","type-page","status-publish","hentry"],"_links":{"self":[{"href":"https:\/\/premiocalidad.sanjuan.gob.ar\/index.php?rest_route=\/wp\/v2\/pages\/185","targetHints":{"allow":["GET"]}}],"collection":[{"href":"https:\/\/premiocalidad.sanjuan.gob.ar\/index.php?rest_route=\/wp\/v2\/pages"}],"about":[{"href":"https:\/\/premiocalidad.sanjuan.gob.ar\/index.php?rest_route=\/wp\/v2\/types\/page"}],"author":[{"embeddable":true,"href":"https:\/\/premiocalidad.sanjuan.gob.ar\/index.php?rest_route=\/wp\/v2\/users\/1"}],"replies":[{"embeddable":true,"href":"https:\/\/premiocalidad.sanjuan.gob.ar\/index.php?rest_route=%2Fwp%2Fv2%2Fcomments&post=185"}],"version-history":[{"count":2,"href":"https:\/\/premiocalidad.sanjuan.gob.ar\/index.php?rest_route=\/wp\/v2\/pages\/185\/revisions"}],"predecessor-version":[{"id":208,"href":"https:\/\/premiocalidad.sanjuan.gob.ar\/index.php?rest_route=\/wp\/v2\/pages\/185\/revisions\/208"}],"wp:attachment":[{"href":"https:\/\/premiocalidad.sanjuan.gob.ar\/index.php?rest_route=%2Fwp%2Fv2%2Fmedia&parent=185"}],"curies":[{"name":"wp","href":"https:\/\/api.w.org\/{rel}","templated":true}]}}