{"id":497,"date":"2020-07-08T19:24:21","date_gmt":"2020-07-08T22:24:21","guid":{"rendered":"https:\/\/premiocalidad.sanjuan.gob.ar\/?page_id=497"},"modified":"2024-02-29T10:26:01","modified_gmt":"2024-02-29T13:26:01","slug":"reconocimientos","status":"publish","type":"page","link":"https:\/\/premiocalidad.sanjuan.gob.ar\/?page_id=497","title":{"rendered":"Reconocimientos"},"content":{"rendered":"\t\t<div data-elementor-type=\"wp-page\" data-elementor-id=\"497\" class=\"elementor elementor-497\">\n\t\t\t\t\t\t<section class=\"elementor-section elementor-top-section elementor-element elementor-element-bfd8729 elementor-section-stretched elementor-section-full_width elementor-section-height-default elementor-section-height-default\" data-id=\"bfd8729\" data-element_type=\"section\" data-e-type=\"section\" data-settings=\"{&quot;stretch_section&quot;:&quot;section-stretched&quot;}\">\n\t\t\t\t\t\t<div class=\"elementor-container elementor-column-gap-default\">\n\t\t\t\t\t<div class=\"elementor-column elementor-col-100 elementor-top-column elementor-element elementor-element-e71bded\" data-id=\"e71bded\" data-element_type=\"column\" data-e-type=\"column\">\n\t\t\t<div class=\"elementor-widget-wrap elementor-element-populated\">\n\t\t\t\t\t\t<div class=\"elementor-element elementor-element-930e4d9 elementor-widget elementor-widget-heading\" data-id=\"930e4d9\" data-element_type=\"widget\" data-e-type=\"widget\" data-widget_type=\"heading.default\">\n\t\t\t\t<div class=\"elementor-widget-container\">\n\t\t\t\t\t<h3 class=\"elementor-heading-title elementor-size-large\">RECONOCIMIENTOS Y PUNTAJES DEL PREMIO<\/h3>\t\t\t\t<\/div>\n\t\t\t\t<\/div>\n\t\t\t\t\t<\/div>\n\t\t<\/div>\n\t\t\t\t\t<\/div>\n\t\t<\/section>\n\t\t\t\t<section class=\"elementor-section elementor-top-section elementor-element elementor-element-1daee24 elementor-section-stretched elementor-section-boxed elementor-section-height-default elementor-section-height-default\" data-id=\"1daee24\" data-element_type=\"section\" data-e-type=\"section\" data-settings=\"{&quot;stretch_section&quot;:&quot;section-stretched&quot;}\">\n\t\t\t\t\t\t<div class=\"elementor-container elementor-column-gap-default\">\n\t\t\t\t\t<div class=\"elementor-column elementor-col-100 elementor-top-column elementor-element elementor-element-10dfba4\" data-id=\"10dfba4\" data-element_type=\"column\" data-e-type=\"column\">\n\t\t\t<div class=\"elementor-widget-wrap elementor-element-populated\">\n\t\t\t\t\t\t<div class=\"elementor-element elementor-element-ea954e6 elementor-widget elementor-widget-html\" data-id=\"ea954e6\" data-element_type=\"widget\" data-e-type=\"widget\" data-widget_type=\"html.default\">\n\t\t\t\t<div class=\"elementor-widget-container\">\n\t\t\t\t\t<style type=\"text\/css\">\n.tg  {border-collapse:collapse;border-color:#aaa;border-spacing:0;}\n.tg td{background-color:#fff;border-color:#aaa;border-style:solid;border-width:1px;color:#333;\n  font-family:Arial, sans-serif;font-size:14px;overflow:hidden;padding:10px 5px;word-break:normal;}\n.tg th{background-color:#f38630;border-color:#aaa;border-style:solid;border-width:1px;color:#fff;\n  font-family:Arial, sans-serif;font-size:14px;font-weight:normal;overflow:hidden;padding:10px 5px;word-break:normal;}\n.tg .tg-c3ow{border-color:inherit;text-align:center;vertical-align:top}\n.tg .tg-0pky{border-color:inherit;text-align:left;vertical-align:top}\n.tg .tg-0lax{text-align:left;vertical-align:top}\n<\/style>\n<table class=\"tg\">\n<thead>\n  <tr>\n    <th class=\"tg-c3ow\">PARTICIPACION<\/th>\n    <th class=\"tg-c3ow\">RECONOCIMIENTO<\/th>\n    <th class=\"tg-c3ow\">SECTOR P\u00daBLICO<\/th>\n    <th class=\"tg-c3ow\">SECTOR PRIVADO - BIENES<\/th>\n    <th class=\"tg-c3ow\">SECTOR PRIVADO - SERVICIOS<\/th>\n  <\/tr>\n<\/thead>\n<tbody>\n  <tr>\n    <td class=\"tg-0pky\">Por el Premio Provincial a la Calidad<\/td>\n    <td class=\"tg-0pky\">Galard\u00f3n<\/td>\n    <td class=\"tg-0pky\">+ de 700 puntos<\/td>\n    <td class=\"tg-0pky\">+ de 700 puntos<\/td>\n    <td class=\"tg-0pky\">+ de 700 puntos<\/td>\n  <\/tr>\n  <tr>\n    <td class=\"tg-0pky\">Por el Premio Provincial a la Calidad<\/td>\n    <td class=\"tg-0pky\">Menci\u00f3n Oro<\/td>\n    <td class=\"tg-0pky\">+ de 600 puntos<\/td>\n    <td class=\"tg-0pky\">+ de 600 puntos<\/td>\n    <td class=\"tg-0pky\">+ de 600 puntos<\/td>\n  <\/tr>\n  <tr>\n    <td class=\"tg-0pky\">Por el Premio Provincial a la Calidad<\/td>\n    <td class=\"tg-0pky\">Menci\u00f3n Plata<\/td>\n    <td class=\"tg-0pky\">+ de 500 puntos<\/td>\n    <td class=\"tg-0pky\">+ de 500 puntos<\/td>\n    <td class=\"tg-0pky\">+ de 500 puntos<\/td>\n  <\/tr>\n  <tr>\n    <td class=\"tg-0pky\">Por el Premio Provincial a la Calidad<\/td>\n    <td class=\"tg-0pky\">Menci\u00f3n Bronce<\/td>\n    <td class=\"tg-0pky\"><span style=\"font-weight:400;font-style:normal\">+ de 400 puntos<\/span><\/td>\n    <td class=\"tg-0pky\">+ de 400 puntos<\/td>\n    <td class=\"tg-0pky\">+ de 400 puntos<\/td>\n  <\/tr>\n \n\n<\/tbody>\n<\/table>\t\t\t\t<\/div>\n\t\t\t\t<\/div>\n\t\t\t\t<div class=\"elementor-element elementor-element-8f301ea elementor-widget elementor-widget-spacer\" data-id=\"8f301ea\" data-element_type=\"widget\" data-e-type=\"widget\" data-widget_type=\"spacer.default\">\n\t\t\t\t<div class=\"elementor-widget-container\">\n\t\t\t\t\t\t\t<div class=\"elementor-spacer\">\n\t\t\t<div class=\"elementor-spacer-inner\"><\/div>\n\t\t<\/div>\n\t\t\t\t\t\t<\/div>\n\t\t\t\t<\/div>\n\t\t\t\t\t<\/div>\n\t\t<\/div>\n\t\t\t\t\t<\/div>\n\t\t<\/section>\n\t\t\t\t<\/div>\n\t\t","protected":false},"excerpt":{"rendered":"<p>RECONOCIMIENTOS Y PUNTAJES DEL PREMIO PARTICIPACION RECONOCIMIENTO SECTOR P\u00daBLICO SECTOR PRIVADO &#8211; BIENES SECTOR PRIVADO &#8211; SERVICIOS Por el Premio Provincial a la Calidad Galard\u00f3n + de 700 puntos + de 700 puntos + de 700 puntos Por el Premio Provincial a la Calidad Menci\u00f3n Oro + de 600 puntos + de 600 puntos + de 600 puntos Por el<\/p>\n<p><a class=\"more-link\" href=\"https:\/\/premiocalidad.sanjuan.gob.ar\/?page_id=497\">Leer m\u00e1s<\/a><\/p>\n","protected":false},"author":3,"featured_media":0,"parent":0,"menu_order":0,"comment_status":"closed","ping_status":"closed","template":"elementor_header_footer","meta":{"footnotes":""},"class_list":["post-497","page","type-page","status-publish","hentry"],"_links":{"self":[{"href":"https:\/\/premiocalidad.sanjuan.gob.ar\/index.php?rest_route=\/wp\/v2\/pages\/497","targetHints":{"allow":["GET"]}}],"collection":[{"href":"https:\/\/premiocalidad.sanjuan.gob.ar\/index.php?rest_route=\/wp\/v2\/pages"}],"about":[{"href":"https:\/\/premiocalidad.sanjuan.gob.ar\/index.php?rest_route=\/wp\/v2\/types\/page"}],"author":[{"embeddable":true,"href":"https:\/\/premiocalidad.sanjuan.gob.ar\/index.php?rest_route=\/wp\/v2\/users\/3"}],"replies":[{"embeddable":true,"href":"https:\/\/premiocalidad.sanjuan.gob.ar\/index.php?rest_route=%2Fwp%2Fv2%2Fcomments&post=497"}],"version-history":[{"count":2,"href":"https:\/\/premiocalidad.sanjuan.gob.ar\/index.php?rest_route=\/wp\/v2\/pages\/497\/revisions"}],"predecessor-version":[{"id":982,"href":"https:\/\/premiocalidad.sanjuan.gob.ar\/index.php?rest_route=\/wp\/v2\/pages\/497\/revisions\/982"}],"wp:attachment":[{"href":"https:\/\/premiocalidad.sanjuan.gob.ar\/index.php?rest_route=%2Fwp%2Fv2%2Fmedia&parent=497"}],"curies":[{"name":"wp","href":"https:\/\/api.w.org\/{rel}","templated":true}]}}