{"id":698,"date":"2020-08-21T11:55:22","date_gmt":"2020-08-21T14:55:22","guid":{"rendered":"https:\/\/premiocalidad.sanjuan.gob.ar\/?page_id=698"},"modified":"2024-05-08T11:45:52","modified_gmt":"2024-05-08T14:45:52","slug":"elementor-337-2","status":"publish","type":"page","link":"https:\/\/premiocalidad.sanjuan.gob.ar\/?page_id=698","title":{"rendered":"Bases y Condiciones"},"content":{"rendered":"\t\t<div data-elementor-type=\"wp-page\" data-elementor-id=\"698\" class=\"elementor elementor-698\">\n\t\t\t\t\t\t<section class=\"elementor-section elementor-top-section elementor-element elementor-element-126532db elementor-section-stretched elementor-section-boxed elementor-section-height-default elementor-section-height-default\" data-id=\"126532db\" data-element_type=\"section\" data-e-type=\"section\" data-settings=\"{&quot;stretch_section&quot;:&quot;section-stretched&quot;,&quot;animation&quot;:&quot;none&quot;}\">\n\t\t\t\t\t\t<div class=\"elementor-container elementor-column-gap-wide\">\n\t\t\t\t\t<div class=\"elementor-column elementor-col-100 elementor-top-column elementor-element elementor-element-6bbe59c2\" data-id=\"6bbe59c2\" data-element_type=\"column\" data-e-type=\"column\" data-settings=\"{&quot;animation&quot;:&quot;none&quot;}\">\n\t\t\t<div class=\"elementor-widget-wrap elementor-element-populated\">\n\t\t\t\t\t\t<div class=\"elementor-element elementor-element-41dcd6a1 elementor-widget elementor-widget-heading\" data-id=\"41dcd6a1\" data-element_type=\"widget\" data-e-type=\"widget\" data-widget_type=\"heading.default\">\n\t\t\t\t<div class=\"elementor-widget-container\">\n\t\t\t\t\t<h3 class=\"elementor-heading-title elementor-size-large\">BASES Y CONDICIONES<\/h3>\t\t\t\t<\/div>\n\t\t\t\t<\/div>\n\t\t\t\t<div class=\"elementor-element elementor-element-51a9e35e elementor-widget elementor-widget-spacer\" data-id=\"51a9e35e\" data-element_type=\"widget\" data-e-type=\"widget\" data-widget_type=\"spacer.default\">\n\t\t\t\t<div class=\"elementor-widget-container\">\n\t\t\t\t\t\t\t<div class=\"elementor-spacer\">\n\t\t\t<div class=\"elementor-spacer-inner\"><\/div>\n\t\t<\/div>\n\t\t\t\t\t\t<\/div>\n\t\t\t\t<\/div>\n\t\t\t\t<div class=\"elementor-element elementor-element-3438e59 elementor-widget elementor-widget-toggle\" data-id=\"3438e59\" data-element_type=\"widget\" data-e-type=\"widget\" data-settings=\"{&quot;_animation&quot;:&quot;none&quot;}\" data-widget_type=\"toggle.default\">\n\t\t\t\t<div class=\"elementor-widget-container\">\n\t\t\t\t\t\t\t<div class=\"elementor-toggle\">\n\t\t\t\t\t\t\t<div class=\"elementor-toggle-item\">\n\t\t\t\t\t<div id=\"elementor-tab-title-5471\" class=\"elementor-tab-title\" data-tab=\"1\" role=\"button\" aria-controls=\"elementor-tab-content-5471\" aria-expanded=\"false\">\n\t\t\t\t\t\t\t\t\t\t\t\t<span class=\"elementor-toggle-icon elementor-toggle-icon-left\" aria-hidden=\"true\">\n\t\t\t\t\t\t\t\t\t\t\t\t\t\t\t<span class=\"elementor-toggle-icon-closed\"><i class=\"fas fa-file-download\"><\/i><\/span>\n\t\t\t\t\t\t\t\t<span class=\"elementor-toggle-icon-opened\"><i class=\"elementor-toggle-icon-opened fas fa-download\"><\/i><\/span>\n\t\t\t\t\t\t\t\t\t\t\t\t\t<\/span>\n\t\t\t\t\t\t\t\t\t\t\t\t<a class=\"elementor-toggle-title\" tabindex=\"0\">Condiciones T\u00e9cnicas y Formales del Informe de Calidad<\/a>\n\t\t\t\t\t<\/div>\n\n\t\t\t\t\t<div id=\"elementor-tab-content-5471\" class=\"elementor-tab-content elementor-clearfix\" data-tab=\"1\" role=\"region\" aria-labelledby=\"elementor-tab-title-5471\"><p><a href=\"https:\/\/premiocalidad.sanjuan.gob.ar\/wp-content\/uploads\/2024\/03\/Condiciones-Tecnicas-y-Formales-del-Informe-de-Calidad.pdf\" target=\"_blank\" rel=\"noopener\"><img decoding=\"async\" class=\"alignleft wp-image-707 size-full\" src=\"https:\/\/premiocalidad.sanjuan.gob.ar\/wp-content\/uploads\/2020\/08\/icono-pdf.png\" alt=\"\" width=\"64\" height=\"64\" \/><\/a><span style=\"font-size: 12pt;\">Haga click para descargar el documento .pdf.<\/span><\/p><\/div>\n\t\t\t\t<\/div>\n\t\t\t\t\t\t\t<div class=\"elementor-toggle-item\">\n\t\t\t\t\t<div id=\"elementor-tab-title-5472\" class=\"elementor-tab-title\" data-tab=\"2\" role=\"button\" aria-controls=\"elementor-tab-content-5472\" aria-expanded=\"false\">\n\t\t\t\t\t\t\t\t\t\t\t\t<span class=\"elementor-toggle-icon elementor-toggle-icon-left\" aria-hidden=\"true\">\n\t\t\t\t\t\t\t\t\t\t\t\t\t\t\t<span class=\"elementor-toggle-icon-closed\"><i class=\"fas fa-file-download\"><\/i><\/span>\n\t\t\t\t\t\t\t\t<span class=\"elementor-toggle-icon-opened\"><i class=\"elementor-toggle-icon-opened fas fa-download\"><\/i><\/span>\n\t\t\t\t\t\t\t\t\t\t\t\t\t<\/span>\n\t\t\t\t\t\t\t\t\t\t\t\t<a class=\"elementor-toggle-title\" tabindex=\"0\">Anexo I \u2013 Glosario<\/a>\n\t\t\t\t\t<\/div>\n\n\t\t\t\t\t<div id=\"elementor-tab-content-5472\" class=\"elementor-tab-content elementor-clearfix\" data-tab=\"2\" role=\"region\" aria-labelledby=\"elementor-tab-title-5472\"><p><a href=\"https:\/\/premiocalidad.sanjuan.gob.ar\/wp-content\/uploads\/2024\/03\/Anexo-I-Glosario-1.pdf\" target=\"_blank\" rel=\"noopener\"><img decoding=\"async\" class=\"alignleft wp-image-707 size-full\" src=\"https:\/\/premiocalidad.sanjuan.gob.ar\/wp-content\/uploads\/2020\/08\/icono-pdf.png\" alt=\"\" width=\"64\" height=\"64\" \/><\/a><span style=\"font-size: 12pt;\">Haga click para descargar el documento .pdf.<\/span><\/p><\/div>\n\t\t\t\t<\/div>\n\t\t\t\t\t\t\t<div class=\"elementor-toggle-item\">\n\t\t\t\t\t<div id=\"elementor-tab-title-5473\" class=\"elementor-tab-title\" data-tab=\"3\" role=\"button\" aria-controls=\"elementor-tab-content-5473\" aria-expanded=\"false\">\n\t\t\t\t\t\t\t\t\t\t\t\t<span class=\"elementor-toggle-icon elementor-toggle-icon-left\" aria-hidden=\"true\">\n\t\t\t\t\t\t\t\t\t\t\t\t\t\t\t<span class=\"elementor-toggle-icon-closed\"><i class=\"fas fa-file-download\"><\/i><\/span>\n\t\t\t\t\t\t\t\t<span class=\"elementor-toggle-icon-opened\"><i class=\"elementor-toggle-icon-opened fas fa-download\"><\/i><\/span>\n\t\t\t\t\t\t\t\t\t\t\t\t\t<\/span>\n\t\t\t\t\t\t\t\t\t\t\t\t<a class=\"elementor-toggle-title\" tabindex=\"0\">Anexo II \u2013 Generalidades<\/a>\n\t\t\t\t\t<\/div>\n\n\t\t\t\t\t<div id=\"elementor-tab-content-5473\" class=\"elementor-tab-content elementor-clearfix\" data-tab=\"3\" role=\"region\" aria-labelledby=\"elementor-tab-title-5473\"><p><a href=\"https:\/\/premiocalidad.sanjuan.gob.ar\/wp-content\/uploads\/2024\/03\/Anexo-II-Generalidades.pdf\" target=\"_blank\" rel=\"noopener\"><img decoding=\"async\" class=\"alignleft wp-image-707 size-full\" src=\"https:\/\/premiocalidad.sanjuan.gob.ar\/wp-content\/uploads\/2020\/08\/icono-pdf.png\" alt=\"\" width=\"64\" height=\"64\" \/><\/a><span style=\"font-size: 12pt;\">Haga click para descargar el documento .pdf.<\/span><\/p><\/div>\n\t\t\t\t<\/div>\n\t\t\t\t\t\t\t<div class=\"elementor-toggle-item\">\n\t\t\t\t\t<div id=\"elementor-tab-title-5474\" class=\"elementor-tab-title\" data-tab=\"4\" role=\"button\" aria-controls=\"elementor-tab-content-5474\" aria-expanded=\"false\">\n\t\t\t\t\t\t\t\t\t\t\t\t<span class=\"elementor-toggle-icon elementor-toggle-icon-left\" aria-hidden=\"true\">\n\t\t\t\t\t\t\t\t\t\t\t\t\t\t\t<span class=\"elementor-toggle-icon-closed\"><i class=\"fas fa-file-download\"><\/i><\/span>\n\t\t\t\t\t\t\t\t<span class=\"elementor-toggle-icon-opened\"><i class=\"elementor-toggle-icon-opened fas fa-download\"><\/i><\/span>\n\t\t\t\t\t\t\t\t\t\t\t\t\t<\/span>\n\t\t\t\t\t\t\t\t\t\t\t\t<a class=\"elementor-toggle-title\" tabindex=\"0\">Anexo III \u2013 Gesti\u00f3n del Recurso H\u00eddrico<\/a>\n\t\t\t\t\t<\/div>\n\n\t\t\t\t\t<div id=\"elementor-tab-content-5474\" class=\"elementor-tab-content elementor-clearfix\" data-tab=\"4\" role=\"region\" aria-labelledby=\"elementor-tab-title-5474\"><p><a href=\"https:\/\/premiocalidad.sanjuan.gob.ar\/wp-content\/uploads\/2024\/03\/Anexo-III-Gestion-del-Recurso-Hidrico-Sector-Privado-y-Publico.pdf\" target=\"_blank\" rel=\"noopener\"><img decoding=\"async\" class=\"alignleft wp-image-707 size-full\" src=\"https:\/\/premiocalidad.sanjuan.gob.ar\/wp-content\/uploads\/2020\/08\/icono-pdf.png\" alt=\"\" width=\"64\" height=\"64\" \/><\/a><span style=\"font-size: 12pt;\">Haga click para descargar el documento .pdf.<\/span><\/p><\/div>\n\t\t\t\t<\/div>\n\t\t\t\t\t\t\t<div class=\"elementor-toggle-item\">\n\t\t\t\t\t<div id=\"elementor-tab-title-5475\" class=\"elementor-tab-title\" data-tab=\"5\" role=\"button\" aria-controls=\"elementor-tab-content-5475\" aria-expanded=\"false\">\n\t\t\t\t\t\t\t\t\t\t\t\t<span class=\"elementor-toggle-icon elementor-toggle-icon-left\" aria-hidden=\"true\">\n\t\t\t\t\t\t\t\t\t\t\t\t\t\t\t<span class=\"elementor-toggle-icon-closed\"><i class=\"fas fa-file-download\"><\/i><\/span>\n\t\t\t\t\t\t\t\t<span class=\"elementor-toggle-icon-opened\"><i class=\"elementor-toggle-icon-opened fas fa-download\"><\/i><\/span>\n\t\t\t\t\t\t\t\t\t\t\t\t\t<\/span>\n\t\t\t\t\t\t\t\t\t\t\t\t<a class=\"elementor-toggle-title\" tabindex=\"0\">Declaraci\u00f3n Jurada<\/a>\n\t\t\t\t\t<\/div>\n\n\t\t\t\t\t<div id=\"elementor-tab-content-5475\" class=\"elementor-tab-content elementor-clearfix\" data-tab=\"5\" role=\"region\" aria-labelledby=\"elementor-tab-title-5475\"><p><a href=\"https:\/\/premiocalidad.sanjuan.gob.ar\/wp-content\/uploads\/2024\/03\/Declaracion-Jurada.pdf\" target=\"_blank\" rel=\"noopener\"><img decoding=\"async\" class=\"alignleft wp-image-707 size-full\" src=\"https:\/\/premiocalidad.sanjuan.gob.ar\/wp-content\/uploads\/2020\/08\/icono-pdf.png\" alt=\"\" width=\"64\" height=\"64\" \/><\/a><span style=\"font-size: 12pt;\">Haga click para descargar el documento .pdf.<\/span><\/p><\/div>\n\t\t\t\t<\/div>\n\t\t\t\t\t\t\t<div class=\"elementor-toggle-item\">\n\t\t\t\t\t<div id=\"elementor-tab-title-5476\" class=\"elementor-tab-title\" data-tab=\"6\" role=\"button\" aria-controls=\"elementor-tab-content-5476\" aria-expanded=\"false\">\n\t\t\t\t\t\t\t\t\t\t\t\t<span class=\"elementor-toggle-icon elementor-toggle-icon-left\" aria-hidden=\"true\">\n\t\t\t\t\t\t\t\t\t\t\t\t\t\t\t<span class=\"elementor-toggle-icon-closed\"><i class=\"fas fa-file-download\"><\/i><\/span>\n\t\t\t\t\t\t\t\t<span class=\"elementor-toggle-icon-opened\"><i class=\"elementor-toggle-icon-opened fas fa-download\"><\/i><\/span>\n\t\t\t\t\t\t\t\t\t\t\t\t\t<\/span>\n\t\t\t\t\t\t\t\t\t\t\t\t<a class=\"elementor-toggle-title\" tabindex=\"0\">Gu\u00eda de Autoevaluaci\u00f3n del Sector P\u00fablico<\/a>\n\t\t\t\t\t<\/div>\n\n\t\t\t\t\t<div id=\"elementor-tab-content-5476\" class=\"elementor-tab-content elementor-clearfix\" data-tab=\"6\" role=\"region\" aria-labelledby=\"elementor-tab-title-5476\"><p><a href=\"https:\/\/premiocalidad.sanjuan.gob.ar\/wp-content\/uploads\/2024\/03\/Guia-Autoevaluacion-Sector-Publico-2024.pdf\" target=\"_blank\" rel=\"noopener\"><img decoding=\"async\" class=\"alignleft wp-image-707 size-full\" src=\"https:\/\/premiocalidad.sanjuan.gob.ar\/wp-content\/uploads\/2020\/08\/icono-pdf.png\" alt=\"\" width=\"64\" height=\"64\" \/><\/a><span style=\"font-size: 12pt;\">Haga click para descargar el documento .pdf.<\/span><\/p><\/div>\n\t\t\t\t<\/div>\n\t\t\t\t\t\t\t<div class=\"elementor-toggle-item\">\n\t\t\t\t\t<div id=\"elementor-tab-title-5477\" class=\"elementor-tab-title\" data-tab=\"7\" role=\"button\" aria-controls=\"elementor-tab-content-5477\" aria-expanded=\"false\">\n\t\t\t\t\t\t\t\t\t\t\t\t<span class=\"elementor-toggle-icon elementor-toggle-icon-left\" aria-hidden=\"true\">\n\t\t\t\t\t\t\t\t\t\t\t\t\t\t\t<span class=\"elementor-toggle-icon-closed\"><i class=\"fas fa-file-download\"><\/i><\/span>\n\t\t\t\t\t\t\t\t<span class=\"elementor-toggle-icon-opened\"><i class=\"elementor-toggle-icon-opened fas fa-download\"><\/i><\/span>\n\t\t\t\t\t\t\t\t\t\t\t\t\t<\/span>\n\t\t\t\t\t\t\t\t\t\t\t\t<a class=\"elementor-toggle-title\" tabindex=\"0\">Gu\u00eda de Autoevaluaci\u00f3n del Sector Privado y Asociaciones de la Sociedad Civil<\/a>\n\t\t\t\t\t<\/div>\n\n\t\t\t\t\t<div id=\"elementor-tab-content-5477\" class=\"elementor-tab-content elementor-clearfix\" data-tab=\"7\" role=\"region\" aria-labelledby=\"elementor-tab-title-5477\"><p><a href=\"https:\/\/premiocalidad.sanjuan.gob.ar\/wp-content\/uploads\/2024\/03\/Guia-de-Autoevaluacion-Sector-Privado-y-Asociaciones-Sociedad-Civil-2024.pdf\" target=\"_blank\" rel=\"noopener\"><img decoding=\"async\" class=\"alignleft wp-image-707 size-full\" src=\"https:\/\/premiocalidad.sanjuan.gob.ar\/wp-content\/uploads\/2020\/08\/icono-pdf.png\" alt=\"\" width=\"64\" height=\"64\" \/><\/a><span style=\"font-size: 12pt;\">Haga click para descargar el documento .pdf.<\/span><\/p><\/div>\n\t\t\t\t<\/div>\n\t\t\t\t\t\t\t<div class=\"elementor-toggle-item\">\n\t\t\t\t\t<div id=\"elementor-tab-title-5478\" class=\"elementor-tab-title\" data-tab=\"8\" role=\"button\" aria-controls=\"elementor-tab-content-5478\" aria-expanded=\"false\">\n\t\t\t\t\t\t\t\t\t\t\t\t<span class=\"elementor-toggle-icon elementor-toggle-icon-left\" aria-hidden=\"true\">\n\t\t\t\t\t\t\t\t\t\t\t\t\t\t\t<span class=\"elementor-toggle-icon-closed\"><i class=\"fas fa-file-download\"><\/i><\/span>\n\t\t\t\t\t\t\t\t<span class=\"elementor-toggle-icon-opened\"><i class=\"elementor-toggle-icon-opened fas fa-download\"><\/i><\/span>\n\t\t\t\t\t\t\t\t\t\t\t\t\t<\/span>\n\t\t\t\t\t\t\t\t\t\t\t\t<a class=\"elementor-toggle-title\" tabindex=\"0\">Plantillas de Presentaci\u00f3n al PPC<\/a>\n\t\t\t\t\t<\/div>\n\n\t\t\t\t\t<div id=\"elementor-tab-content-5478\" class=\"elementor-tab-content elementor-clearfix\" data-tab=\"8\" role=\"region\" aria-labelledby=\"elementor-tab-title-5478\"><p><a href=\"https:\/\/premiocalidad.sanjuan.gob.ar\/wp-content\/uploads\/2024\/05\/Plantilla-Presentacion-PPC-Sector-Privado-2024.docx\"><img decoding=\"async\" class=\"alignleft wp-image-1214\" src=\"https:\/\/premiocalidad.sanjuan.gob.ar\/wp-content\/uploads\/2024\/05\/icon_word-2-150x150.png\" alt=\"\" width=\"38\" height=\"33\" \/><\/a><span style=\"font-size: 12pt;\">Plantilla Presentaci\u00f3n PPC <strong>Sector Privado <\/strong>2024.<br \/>Haga click para descargar el documento .docx.<br \/><br \/><\/span><\/p>\n<p><a href=\"https:\/\/premiocalidad.sanjuan.gob.ar\/wp-content\/uploads\/2024\/05\/Plantilla-Presentacion-PPC-Sector-Publico-2024.docx\"><img decoding=\"async\" class=\"alignleft wp-image-1214\" src=\"https:\/\/premiocalidad.sanjuan.gob.ar\/wp-content\/uploads\/2024\/05\/icon_word-2-150x150.png\" alt=\"\" width=\"38\" height=\"33\" \/><\/a><span style=\"font-size: 12pt;\">Plantilla Presentaci\u00f3n PPC <strong>Sector P\u00fablico<\/strong> 2024.<\/span><br \/><span style=\"font-size: 12pt;\">Haga click para descargar el documento .docx.<\/span><\/p><\/div>\n\t\t\t\t<\/div>\n\t\t\t\t\t\t\t\t<\/div>\n\t\t\t\t\t\t<\/div>\n\t\t\t\t<\/div>\n\t\t\t\t\t<\/div>\n\t\t<\/div>\n\t\t\t\t\t<\/div>\n\t\t<\/section>\n\t\t\t\t<\/div>\n\t\t","protected":false},"excerpt":{"rendered":"<p>BASES Y CONDICIONES Condiciones T\u00e9cnicas y Formales del Informe de Calidad Haga click para descargar el documento .pdf. Anexo I \u2013 Glosario Haga click para descargar el documento .pdf. Anexo II \u2013 Generalidades Haga click para descargar el documento .pdf. Anexo III \u2013 Gesti\u00f3n del Recurso H\u00eddrico Haga click para descargar el documento .pdf. Declaraci\u00f3n Jurada Haga click para descargar<\/p>\n<p><a class=\"more-link\" href=\"https:\/\/premiocalidad.sanjuan.gob.ar\/?page_id=698\">Leer m\u00e1s<\/a><\/p>\n","protected":false},"author":3,"featured_media":0,"parent":0,"menu_order":0,"comment_status":"closed","ping_status":"closed","template":"elementor_header_footer","meta":{"footnotes":""},"class_list":["post-698","page","type-page","status-publish","hentry"],"_links":{"self":[{"href":"https:\/\/premiocalidad.sanjuan.gob.ar\/index.php?rest_route=\/wp\/v2\/pages\/698","targetHints":{"allow":["GET"]}}],"collection":[{"href":"https:\/\/premiocalidad.sanjuan.gob.ar\/index.php?rest_route=\/wp\/v2\/pages"}],"about":[{"href":"https:\/\/premiocalidad.sanjuan.gob.ar\/index.php?rest_route=\/wp\/v2\/types\/page"}],"author":[{"embeddable":true,"href":"https:\/\/premiocalidad.sanjuan.gob.ar\/index.php?rest_route=\/wp\/v2\/users\/3"}],"replies":[{"embeddable":true,"href":"https:\/\/premiocalidad.sanjuan.gob.ar\/index.php?rest_route=%2Fwp%2Fv2%2Fcomments&post=698"}],"version-history":[{"count":2,"href":"https:\/\/premiocalidad.sanjuan.gob.ar\/index.php?rest_route=\/wp\/v2\/pages\/698\/revisions"}],"predecessor-version":[{"id":1223,"href":"https:\/\/premiocalidad.sanjuan.gob.ar\/index.php?rest_route=\/wp\/v2\/pages\/698\/revisions\/1223"}],"wp:attachment":[{"href":"https:\/\/premiocalidad.sanjuan.gob.ar\/index.php?rest_route=%2Fwp%2Fv2%2Fmedia&parent=698"}],"curies":[{"name":"wp","href":"https:\/\/api.w.org\/{rel}","templated":true}]}}